{"id":1776,"date":"2017-05-31T08:35:52","date_gmt":"2017-05-31T07:35:52","guid":{"rendered":"https:\/\/www.esformentera.com\/condiciones-de-alquiler\/"},"modified":"2021-08-17T07:38:27","modified_gmt":"2021-08-17T06:38:27","slug":"condizioni-di-noleggio","status":"publish","type":"page","link":"https:\/\/www.esformentera.com\/it\/condizioni-di-noleggio\/","title":{"rendered":"Condizioni di noleggio"},"content":{"rendered":"[vc_row type=&#8221;in_container&#8221; full_screen_row_position=&#8221;middle&#8221; column_margin=&#8221;default&#8221; column_direction=&#8221;default&#8221; column_direction_tablet=&#8221;default&#8221; column_direction_phone=&#8221;default&#8221; scene_position=&#8221;center&#8221; text_color=&#8221;dark&#8221; text_align=&#8221;left&#8221; row_border_radius=&#8221;none&#8221; row_border_radius_applies=&#8221;bg&#8221; overlay_strength=&#8221;0.3&#8243; gradient_direction=&#8221;left_to_right&#8221; shape_divider_position=&#8221;bottom&#8221; bg_image_animation=&#8221;none&#8221;][vc_column column_padding=&#8221;no-extra-padding&#8221; column_padding_tablet=&#8221;inherit&#8221; column_padding_phone=&#8221;inherit&#8221; column_padding_position=&#8221;all&#8221; column_element_spacing=&#8221;default&#8221; background_color_opacity=&#8221;1&#8243; background_hover_color_opacity=&#8221;1&#8243; column_shadow=&#8221;none&#8221; column_border_radius=&#8221;none&#8221; column_link_target=&#8221;_self&#8221; gradient_direction=&#8221;left_to_right&#8221; overlay_strength=&#8221;0.3&#8243; width=&#8221;5\/6&#8243; tablet_width_inherit=&#8221;default&#8221; tablet_text_alignment=&#8221;default&#8221; phone_text_alignment=&#8221;default&#8221; bg_image_animation=&#8221;none&#8221; border_type=&#8221;simple&#8221; column_border_width=&#8221;none&#8221; column_border_style=&#8221;solid&#8221;][tabbed_section style=&#8221;default&#8221; alignment=&#8221;left&#8221; spacing=&#8221;default&#8221; tab_color=&#8221;Accent-Color&#8221;][tab icon_family=&#8221;none&#8221; title=&#8221;Autonoleggio&#8221; id=&#8221;1629182277739-8&#8243; tab_id=&#8221;1629182277740-8&#8243;][vc_column_text]01 II locatario riceve il veicolo in perfetto stato di funzionamento, circostanza che verifica al momento di farsi carico dello stesso, riconoscendo di essere stato informato del tipo di combustibile adeguato al veicolo; impegnandosi a restituire il predetto .veicolo nel medesimo stato in cui lo ricevo.<\/p>\n<p>02 II locatario si impregna a pagare tutte le sanzioni che per inosservanza delle regole della circolazione gli siano imposte ed anotificarlo al locatore al momento della liquidazione.<\/p>\n<p>03 II locatario si far\u00e0 carico sia civilmente che penalmente della responsabilit\u00e0 che potrebbe derivarsi dall&#8217;uso del veicolo locato, che in nessun caso potr\u00e0 essere utilizzato per il trasporto di merci, soprattutto qualora le stesse fossero reputate illegali.<\/p>\n<p>04 In riferimento a quanto convenuto nell&#8217;articolo di cui innnanzi il locatario viene assicuarto riguardo alla responsabilit\u00e0 civile verso terzi mediante polizza di assicurazione stipulata dal locatore con la Compagnia di Assicurazione, e per il danno cagionato alle persone nei limiti e alle condizioni prescritte nel Regolamento dell&#8217;Assicurazione Obbligatoria.<\/p>\n<p>05 Le ore di servizio vanno dalle ore 9 alle 20, e a partire da quest&#8217;ora la ditta locatrice ha la facolt\u00e0 di non farsi carico del veicolo fino alle ore 9 del giorno successivo ed di esigere per questo concetto l&#8217;importo secondo tariffa. Ci\u00f2 nonostante, in caso di avaria del veicolo che impedisca la debita restituzione dello stesso al locatore entro i limiti del predetto orario, il locatario riconosce di essere a conoscenza del telefono permanente per avvisi durante l&#8217;orario commerciale; in modo che non sar\u00e0 causa di esenzione da responsabilit\u00e0 del locatario l&#8217;impossibilit\u00e0 di contattare il locatore riguardo all&#8217;avaria prodotta o all&#8217;impossibilit\u00e0 di restituire il veicolo.<\/p>\n<p>06. L&#8217;I.V.A compresa nel prezzo.<\/p>\n<p>ETA &#8216;MINIMA : 21 anni e 2 anni di esperienza per i gruppi : A , B , C , D , F &#8230; e 25 anni e 3 anni di esperienza per i gruppi 2,3 , M<\/p>\n<p>YOUNG DRIVER : Da 21 a 24 anni per i motivi di incidenti si paga extra \u20ac 4 al giorno , e non poteva beneficiare della franchigia di esenzione .<\/p>\n<p>DRIVER SUPPLEMENTARI : Il tasso di includere un driver aggiuntivo \u00e8 di 3 \u20ac \/ giorno , fino ad un massimo di 35 \u20ac .<\/p>\n<p>INCLUSO :<br \/>\nIVA , assicurazione kasko ( CDW : assicurazione che copre i danni al noleggio auto ) Dazio 350 \u20ac &#8211; 1500 \u20ac ( a seconda del gruppo vettura ) , chilometraggio illimitato , tasse portuali , tasse e tasse locali .<\/p>\n<p>SEDILI BAMBINI : Richiesta di prenotazione . 4 \u20ac \/ giorno &amp; Booster 3\u20ac\/d\u00eda . Massimo di 40 \u20ac .<\/p>\n<p>FRANCHISING E SICURO :<br \/>\nSono escluse dalla perdita assicurazione di base , furto o danneggiamento dei beni trasportati nel veicolo o un oggetto.<br \/>\nLa difesa FRANCHISING e il pagamento di un eccesso di (Super CDW : assicurazione che copre i danni al noleggio auto ) incidente, furto o perdita di alcune sue parti , \u00e8 il seguente :<\/p>\n<p>FRANQUICIA MODELO:<br \/>\nGrupos\/Groups A, X: 500\u20ac<br \/>\nGrupos\/Groups B, C, D, E, F, G, H, J, K, L,V: 600\u20ac<br \/>\nGrupos\/Groups 2, 4, M: 800\u20ac<br \/>\nGrupos\/Groups 3, N, M: 1.000\u20ac<br \/>\nGrupos\/Groups P, 5: 1.500 \u20ac<\/p>\n<p>EXENCI\u00d3N DE FRANQUICIA:<br \/>\nGrupos\/Groups A,X: 9\u20ac<br \/>\nGrupos\/Groups B, C, D: 11\u20ac<br \/>\nGrupos\/Groups E, F, G, H: 13\u20ac<br \/>\nGrupos\/Groups J, K, L, M, 2,V: 15\u20ac<br \/>\nGrupos\/Groups N, 3, 4: 18\u20ac<br \/>\ngrupos \/groups P,5 &#8211; 25\u20ac<\/p>\n<p>In ogni caso la difesa non include franchise , basso danneggiamento e rottura del pneumatico o la perdita di chiavi o telecomandi ( valore del modello a 100 \u20ac e 180 \u20ac ) , danni alle ruote e finestrini del veicolo noleggiato .<br \/>\nEstrema pulizia and wet seat : 25-120\u20ac<\/p>\n<p>Se il client viene lasciato all&#8217;interno le chiavi della macchina chiuso , verr\u00e0 addebitato il costo 15 \u20ac per una doppia chiavi take . In caso di incidente la societ\u00e0 ha sostituito il veicolo rotto e sempre quando non hanno violato le condizioni di noleggio .<\/p>\n<p>BENZINA E AMMENDE :<br \/>\nSono pagati dall&#8217;inquilino . Se il cliente \u00e8 il carburante sbagliato durante il rifornimento dei costi di riparazione al locatario \u20ac 150 + IVA deve essere pagato . Il veicolo verr\u00e0 consegnato pronto a muoversi e con abbastanza carburante per raggiungere la stazione di benzina .<\/p>\n<p>CONSEGNA DEL VEICOLO :<br \/>\nLe consegne di veicoli sono GRATIS in orario d&#8217;ufficio . Fuori orario oneri \u20ac 35 IVA dalle 21:00 h alle 22:30 h cariche escluse. , 23:00-01:00 sar\u00e0 50 \u20ac<br \/>\nPAGAMENTO :<br \/>\nLe carte di debito non sono accettate per il deposito . Il pagamento dell&#8217;importo della prenotazione SEMPRE terr\u00e0 all&#8217;arrivo tramite carta di credito .NO AMEX NO DINERS CLUB<\/p>\n<p>INFO DRIVING IN EUROPE: Conducir en Europa \/ Driving in Europe \/ Conduire en Europe \/ Autofahren in der EU<br \/>\nhttp:\/\/www.dgt.es\/es\/conducir-en-europa\/<\/p>\n<p>ALTRO :<br \/>\nAffitto minimo un giorno. Un giorno \u00e8 definito come 24 ore dal momento del noleggio o scelto ora di prenotazione .<br \/>\nIl locatario dichiara in possesso di una patente di guida appropriato per il veicolo noleggiato .<br \/>\nQualsiasi controversia derivante dal presente contratto, le parti espressamente presentare alla giurisdizione di essere giuridicamente vincolanti<br \/>\nIL TERMINE PER LA TRASFORMAZIONE DEI CREDITI 30 giorni dalla fornitura di servizi.<\/p>\n<p>Indirizzo .<\/p>\n<p>&nbsp;<\/p>\n<p>POLITICA DI CANCELLAZIONE<br \/>\n1. Le cancellazioni sono accettate gratuitamente 72 ore prima del ritiro del veicolo<br \/>\n2. Se per motivi di allarme o chiusura delle isole di Ibiza e Formentera a causa di COVID-19, cancellazioni fino a 24 ore prima senza addebito[\/vc_column_text][\/tab][tab icon_family=&#8221;none&#8221; title=&#8221;Noleggio moto&#8221; id=&#8221;1629182277764-3&#8243; tab_id=&#8221;1629182277765-0&#8243;][vc_column_text]01 II locatario riceve il veicolo in perfetto stato di funzionamento, circostanza che verifica al momento di farsi carico dello stesso, riconoscendo di essere stato informato del tipo di combustibile idoneo per il veicolo; impegnandosi a restituire il predetto veicolo nel medesimo stato in cui lo ha ricevuto.<\/p>\n<p>02 II locatario si impegna a pagare tutte le sanzioni che per inosservanza delle regole della circolazione gli siano imposte ed a notificarle al locatore al momento della liquidazione.<\/p>\n<p>03 II locatario si far\u00e0 carico sia civilmente che penalmente della responsabilit\u00e0 che potrebbe derivarsi dall&#8217;uso del veicolo locato, che in nessun caso potr\u00e0 essere utilizzato per il trasporto di merci, soprattutto qualora le stesse fossero reputate illegali.<\/p>\n<p>04 In riferimento a quanto convenuto nell&#8217;articolo di cui innanzi il locatario viene assicuarto riguardo alla responsabilit\u00e0 civile verso terzi mediante polizza di assicurazione stipulata dal locatore con la Compagnia di Assicurazione, e per il danno cagionato alle persone nei limiti e alle condizioni prescritte nel Regolamento dell&#8217;Assicurazione Obbligatoria.<\/p>\n<p>05 Le ore di servizio vanno dalle ore 9 alle 20, e a partire da quest&#8217;ora la ditta locatrice ha la facolt\u00e0 di non farsi carico del veicolo fino alle ore 9 del giorno successivo ed di esigere per questo concetto l&#8217;importo secondo tariffa. Ci\u00f2 nonostante, in caso di avaria del veicolo che impedisca la debita restituzione dello stesso al locatore entro i limiti del predetto orario, il locatario riconosce di essere a conoscenza del telefono permanente per avvisi durante l&#8217;orario commerciale; in modo che non sar\u00e0 causa di esenzione da responsabilit\u00e0 del locatario l&#8217;impossibilit\u00e0 di contattare il locatore riguardo all&#8217;avaria prodotta o all&#8217;impossibilit\u00e0 di restituire il veicolo.<\/p>\n<p>06 II locatario si impegna a portare con se il documento rilasciato da questa ditta, allo scopo di esibirlo nel caso in cui gli fosse cosi richiesto dall&#8217;Autorit\u00e0 o da persona appartenente a questa Ditta.<\/p>\n<p>07 II locatore si riserva il diritto di non noleggiare il veicoli qualora a propio avviso lo ritenesse conveniente. Inoltre, il locatore potr\u00e0 ritirare il veicolo locato qualora il locatario facesse cattivo uso del medesimo, o se il veicolo venisse guidato in inferiorit\u00e0 di condizioni fisiche dovute all&#8217;alcool, droghe, stanchezza o malattia.<\/p>\n<p>08 In nessun caso sar\u00e0 consentito di sublocare n\u00e9 di guidare il veicolo locato a persone diverse dal cliente contrattante, salvo assenso espresso del locatore.<\/p>\n<p>09 Saranno a carico del locatario tutti i danni che per incidenti o per qualsiasi altra causa siano prodotti al veicolo locato; nonch\u00e9 i danni derivanti da incendio e furto compresi. Tutto quanto salvo se fosse stata stipulata con il locatore un&#8217;assicurazione speciale (CDW) contro i danni materiali e il furto, che comunque avr\u00e0 una franchigia fino a \u20ac300.<\/p>\n<p>10 II locatore dichiara che la adottato le dovute precuazioni allo scopo di evitare i guasti meccanici del veicolo locato ed altres\u00ec il locatario dichiara di aver verificato lo stato del veicolo al momento di essersi fatto carico dello stesso e di essere a conoscenza del tipo di combustibile necessario; in modo tale che nel caso in cui si producessero guati meccanici, o dovuti all&#8217;uso di un combustibile inadeguato, il locatore non assume responsabilit\u00e0 alcuna per i pregiudizi che sia direttamente che indirettamente possano essere cagionati al locatario in conseguenza dei predetti guasti o avarie. Inoltre le avarie stesse derivanti dall&#8217;uso di un combustibile non adeguato o dalla conduzione del veicolo con pneumatici forati o in cattivo stato, saranno a carico del predetto locatario per uso negligente del veicolo.<\/p>\n<p>11 II furto del veicolo comporter\u00e0 la perdita delle somme consegnate come guadagno o pagamento, qualunque fosse il loro titolo.<\/p>\n<p>12 II locatario dichiara di essere in possesso della prescritta patente di abilitazione a guidare il veicolo locato.<\/p>\n<p>13 L&#8217;I.V.A. \u00e9 a carico del cliente.<\/p>\n<p>14 In caso di eventuali divergenze rispetto al contenuto di questo contratto, le parti si sottomettono espressamente al foro giudiziario competente per legge.<\/p>\n<p>15 II locatario riconosce di conoscere il carattere obbligatorio dell&#8217;uso del casco per la conduzione di tutte le veicolo locate. Il casco potr\u00e0 essere fornito dal locatore, essendo il locatario obbligato alla restituzione del medesimo nello stesso perfetto stato in cui lo ha ritirato; essendo responsabile il locatario di qualunque perdita o furto dello stesso. In questo caso devr\u00e0 versare al locatore la somma di \u20ac25. Il locatario \u00e8 responsabile di tutti i danni e di tutte le sanzioni ed ammende gli siamo imposte nel caso in cui non faccia uso del casco.<\/p>\n<p>16 Politica di cancellazione e no-show: In caso di annullamento e cancellazione 24 ore prima della data di arrivo sar\u00e0 alcun addebito. Entro 24 ore dalla data di arrivo o di mancata presentazione (no-show) sar\u00e0 addebitato sulla vostra carta di credito l&#8217;importo pari ad un giorno di affitto delle spese di gestione.<\/p>\n<p>17 Si el veh\u00edculo alquilado es un coche, es obligatorio presentar una tarjeta de Credito, Visa o Master Card y no American Express. A la hora de formalizar el contrato es necesario presentar el carnet f\u00edsico.<\/p>\n<p>&nbsp;<\/p>\n<p>POLITICA DI CANCELLAZIONEV<br \/>\n1. Le cancellazioni sono accettate gratuitamente 72 ore prima del ritiro del veicolo<br \/>\n2. Se per motivi di allarme o chiusura delle isole di Ibiza e Formentera a causa di COVID-19, cancellazioni fino a 24 ore prima senza addebito[\/vc_column_text][\/tab][\/tabbed_section][\/vc_column][vc_column column_padding=&#8221;no-extra-padding&#8221; column_padding_tablet=&#8221;inherit&#8221; column_padding_phone=&#8221;inherit&#8221; column_padding_position=&#8221;all&#8221; column_element_spacing=&#8221;default&#8221; background_color_opacity=&#8221;1&#8243; background_hover_color_opacity=&#8221;1&#8243; column_shadow=&#8221;none&#8221; column_border_radius=&#8221;none&#8221; column_link_target=&#8221;_self&#8221; gradient_direction=&#8221;left_to_right&#8221; overlay_strength=&#8221;0.3&#8243; width=&#8221;1\/6&#8243; tablet_width_inherit=&#8221;default&#8221; tablet_text_alignment=&#8221;default&#8221; phone_text_alignment=&#8221;default&#8221; bg_image_animation=&#8221;none&#8221; border_type=&#8221;simple&#8221; column_border_width=&#8221;none&#8221; column_border_style=&#8221;solid&#8221;][\/vc_column][\/vc_row]\n","protected":false},"excerpt":{"rendered":"<p>[vc_row type=&#8221;in_container&#8221; full_screen_row_position=&#8221;middle&#8221; column_margin=&#8221;default&#8221; column_direction=&#8221;default&#8221; column_direction_tablet=&#8221;default&#8221; column_direction_phone=&#8221;default&#8221; scene_position=&#8221;center&#8221; text_color=&#8221;dark&#8221; text_align=&#8221;left&#8221; row_border_radius=&#8221;none&#8221; row_border_radius_applies=&#8221;bg&#8221; overlay_strength=&#8221;0.3&#8243; gradient_direction=&#8221;left_to_right&#8221; shape_divider_position=&#8221;bottom&#8221; bg_image_animation=&#8221;none&#8221;][vc_column column_padding=&#8221;no-extra-padding&#8221; column_padding_tablet=&#8221;inherit&#8221; column_padding_phone=&#8221;inherit&#8221; column_padding_position=&#8221;all&#8221; column_element_spacing=&#8221;default&#8221; background_color_opacity=&#8221;1&#8243; background_hover_color_opacity=&#8221;1&#8243; column_shadow=&#8221;none&#8221; column_border_radius=&#8221;none&#8221; column_link_target=&#8221;_self&#8221; gradient_direction=&#8221;left_to_right&#8221; overlay_strength=&#8221;0.3&#8243; width=&#8221;5\/6&#8243; tablet_width_inherit=&#8221;default&#8221;&#8230;<\/p>\n","protected":false},"author":1,"featured_media":0,"parent":0,"menu_order":0,"comment_status":"closed","ping_status":"closed","template":"","meta":{"footnotes":""},"class_list":["post-1776","page","type-page","status-publish"],"yoast_head":"<!-- This site is optimized with the Yoast SEO Premium plugin v19.3 (Yoast SEO v25.6) - https:\/\/yoast.com\/wordpress\/plugins\/seo\/ -->\n<title>Condizioni di noleggio - Esformentera<\/title>\n<meta name=\"description\" content=\"Condizioni noleggiare un auto o moto a Formentera dal web Esformentera.com. Affitti si pu\u00f2 fidare a Formentera.\" \/>\n<meta name=\"robots\" content=\"index, follow, max-snippet:-1, max-image-preview:large, max-video-preview:-1\" \/>\n<link rel=\"canonical\" href=\"https:\/\/www.esformentera.com\/it\/condizioni-di-noleggio\/\" \/>\n<meta property=\"og:locale\" content=\"it_IT\" \/>\n<meta property=\"og:type\" content=\"article\" \/>\n<meta property=\"og:title\" content=\"Condizioni di noleggio\" \/>\n<meta property=\"og:description\" content=\"Condizioni noleggiare un auto o moto a Formentera dal web Esformentera.com. Affitti si pu\u00f2 fidare a Formentera.\" \/>\n<meta property=\"og:url\" content=\"https:\/\/www.esformentera.com\/it\/condizioni-di-noleggio\/\" \/>\n<meta property=\"og:site_name\" content=\"Esformentera\" \/>\n<meta property=\"article:publisher\" content=\"https:\/\/www.facebook.com\/esformentera\" \/>\n<meta property=\"article:modified_time\" content=\"2021-08-17T06:38:27+00:00\" \/>\n<meta name=\"twitter:card\" content=\"summary_large_image\" \/>\n<meta name=\"twitter:label1\" content=\"Tempo di lettura stimato\" \/>\n\t<meta name=\"twitter:data1\" content=\"8 minuti\" \/>\n<script type=\"application\/ld+json\" class=\"yoast-schema-graph\">{\"@context\":\"https:\/\/schema.org\",\"@graph\":[{\"@type\":\"WebPage\",\"@id\":\"https:\/\/www.esformentera.com\/it\/condizioni-di-noleggio\/\",\"url\":\"https:\/\/www.esformentera.com\/it\/condizioni-di-noleggio\/\",\"name\":\"Condizioni di noleggio - Esformentera\",\"isPartOf\":{\"@id\":\"https:\/\/www.esformentera.com\/#website\"},\"datePublished\":\"2017-05-31T07:35:52+00:00\",\"dateModified\":\"2021-08-17T06:38:27+00:00\",\"description\":\"Condizioni noleggiare un auto o moto a Formentera dal web Esformentera.com. Affitti si pu\u00f2 fidare a Formentera.\",\"breadcrumb\":{\"@id\":\"https:\/\/www.esformentera.com\/it\/condizioni-di-noleggio\/#breadcrumb\"},\"inLanguage\":\"it-IT\",\"potentialAction\":[{\"@type\":\"ReadAction\",\"target\":[\"https:\/\/www.esformentera.com\/it\/condizioni-di-noleggio\/\"]}]},{\"@type\":\"BreadcrumbList\",\"@id\":\"https:\/\/www.esformentera.com\/it\/condizioni-di-noleggio\/#breadcrumb\",\"itemListElement\":[{\"@type\":\"ListItem\",\"position\":1,\"name\":\"Portada\",\"item\":\"https:\/\/www.esformentera.com\/it\/\"},{\"@type\":\"ListItem\",\"position\":2,\"name\":\"Condizioni di noleggio\"}]},{\"@type\":\"WebSite\",\"@id\":\"https:\/\/www.esformentera.com\/#website\",\"url\":\"https:\/\/www.esformentera.com\/\",\"name\":\"Esformentera\",\"description\":\"\",\"publisher\":{\"@id\":\"https:\/\/www.esformentera.com\/#organization\"},\"potentialAction\":[{\"@type\":\"SearchAction\",\"target\":{\"@type\":\"EntryPoint\",\"urlTemplate\":\"https:\/\/www.esformentera.com\/?s={search_term_string}\"},\"query-input\":{\"@type\":\"PropertyValueSpecification\",\"valueRequired\":true,\"valueName\":\"search_term_string\"}}],\"inLanguage\":\"it-IT\"},{\"@type\":\"Organization\",\"@id\":\"https:\/\/www.esformentera.com\/#organization\",\"name\":\"Esformentera\",\"url\":\"https:\/\/www.esformentera.com\/\",\"logo\":{\"@type\":\"ImageObject\",\"inLanguage\":\"it-IT\",\"@id\":\"https:\/\/www.esformentera.com\/#\/schema\/logo\/image\/\",\"url\":\"https:\/\/www.esformentera.com\/wp-content\/uploads\/2021\/07\/logoEsFormentera.png\",\"contentUrl\":\"https:\/\/www.esformentera.com\/wp-content\/uploads\/2021\/07\/logoEsFormentera.png\",\"width\":382,\"height\":76,\"caption\":\"Esformentera\"},\"image\":{\"@id\":\"https:\/\/www.esformentera.com\/#\/schema\/logo\/image\/\"},\"sameAs\":[\"https:\/\/www.facebook.com\/esformentera\"]}]}<\/script>\n<!-- \/ Yoast SEO Premium plugin. -->","yoast_head_json":{"title":"Condizioni di noleggio - Esformentera","description":"Condizioni noleggiare un auto o moto a Formentera dal web Esformentera.com. Affitti si pu\u00f2 fidare a Formentera.","robots":{"index":"index","follow":"follow","max-snippet":"max-snippet:-1","max-image-preview":"max-image-preview:large","max-video-preview":"max-video-preview:-1"},"canonical":"https:\/\/www.esformentera.com\/it\/condizioni-di-noleggio\/","og_locale":"it_IT","og_type":"article","og_title":"Condizioni di noleggio","og_description":"Condizioni noleggiare un auto o moto a Formentera dal web Esformentera.com. Affitti si pu\u00f2 fidare a Formentera.","og_url":"https:\/\/www.esformentera.com\/it\/condizioni-di-noleggio\/","og_site_name":"Esformentera","article_publisher":"https:\/\/www.facebook.com\/esformentera","article_modified_time":"2021-08-17T06:38:27+00:00","twitter_card":"summary_large_image","twitter_misc":{"Tempo di lettura stimato":"8 minuti"},"schema":{"@context":"https:\/\/schema.org","@graph":[{"@type":"WebPage","@id":"https:\/\/www.esformentera.com\/it\/condizioni-di-noleggio\/","url":"https:\/\/www.esformentera.com\/it\/condizioni-di-noleggio\/","name":"Condizioni di noleggio - Esformentera","isPartOf":{"@id":"https:\/\/www.esformentera.com\/#website"},"datePublished":"2017-05-31T07:35:52+00:00","dateModified":"2021-08-17T06:38:27+00:00","description":"Condizioni noleggiare un auto o moto a Formentera dal web Esformentera.com. Affitti si pu\u00f2 fidare a Formentera.","breadcrumb":{"@id":"https:\/\/www.esformentera.com\/it\/condizioni-di-noleggio\/#breadcrumb"},"inLanguage":"it-IT","potentialAction":[{"@type":"ReadAction","target":["https:\/\/www.esformentera.com\/it\/condizioni-di-noleggio\/"]}]},{"@type":"BreadcrumbList","@id":"https:\/\/www.esformentera.com\/it\/condizioni-di-noleggio\/#breadcrumb","itemListElement":[{"@type":"ListItem","position":1,"name":"Portada","item":"https:\/\/www.esformentera.com\/it\/"},{"@type":"ListItem","position":2,"name":"Condizioni di noleggio"}]},{"@type":"WebSite","@id":"https:\/\/www.esformentera.com\/#website","url":"https:\/\/www.esformentera.com\/","name":"Esformentera","description":"","publisher":{"@id":"https:\/\/www.esformentera.com\/#organization"},"potentialAction":[{"@type":"SearchAction","target":{"@type":"EntryPoint","urlTemplate":"https:\/\/www.esformentera.com\/?s={search_term_string}"},"query-input":{"@type":"PropertyValueSpecification","valueRequired":true,"valueName":"search_term_string"}}],"inLanguage":"it-IT"},{"@type":"Organization","@id":"https:\/\/www.esformentera.com\/#organization","name":"Esformentera","url":"https:\/\/www.esformentera.com\/","logo":{"@type":"ImageObject","inLanguage":"it-IT","@id":"https:\/\/www.esformentera.com\/#\/schema\/logo\/image\/","url":"https:\/\/www.esformentera.com\/wp-content\/uploads\/2021\/07\/logoEsFormentera.png","contentUrl":"https:\/\/www.esformentera.com\/wp-content\/uploads\/2021\/07\/logoEsFormentera.png","width":382,"height":76,"caption":"Esformentera"},"image":{"@id":"https:\/\/www.esformentera.com\/#\/schema\/logo\/image\/"},"sameAs":["https:\/\/www.facebook.com\/esformentera"]}]}},"_links":{"self":[{"href":"https:\/\/www.esformentera.com\/it\/wp-json\/wp\/v2\/pages\/1776","targetHints":{"allow":["GET"]}}],"collection":[{"href":"https:\/\/www.esformentera.com\/it\/wp-json\/wp\/v2\/pages"}],"about":[{"href":"https:\/\/www.esformentera.com\/it\/wp-json\/wp\/v2\/types\/page"}],"author":[{"embeddable":true,"href":"https:\/\/www.esformentera.com\/it\/wp-json\/wp\/v2\/users\/1"}],"replies":[{"embeddable":true,"href":"https:\/\/www.esformentera.com\/it\/wp-json\/wp\/v2\/comments?post=1776"}],"version-history":[{"count":1,"href":"https:\/\/www.esformentera.com\/it\/wp-json\/wp\/v2\/pages\/1776\/revisions"}],"predecessor-version":[{"id":4571,"href":"https:\/\/www.esformentera.com\/it\/wp-json\/wp\/v2\/pages\/1776\/revisions\/4571"}],"wp:attachment":[{"href":"https:\/\/www.esformentera.com\/it\/wp-json\/wp\/v2\/media?parent=1776"}],"curies":[{"name":"wp","href":"https:\/\/api.w.org\/{rel}","templated":true}]}}