{"id":853,"date":"2017-03-24T10:38:47","date_gmt":"2017-03-24T09:38:47","guid":{"rendered":"http:\/\/www.esformentera.com\/ventajas\/"},"modified":"2017-05-19T11:44:04","modified_gmt":"2017-05-19T10:44:04","slug":"avantatges","status":"publish","type":"page","link":"https:\/\/www.esformentera.com\/ca\/avantatges\/","title":{"rendered":"Avantatges"},"content":{"rendered":"[vc_row type=&#8221;in_container&#8221; full_screen_row_position=&#8221;middle&#8221; scene_position=&#8221;center&#8221; text_color=&#8221;dark&#8221; text_align=&#8221;left&#8221; top_padding=&#8221;0&#8243; id=&#8221;ventajas&#8221; overlay_strength=&#8221;0.3&#8243;][vc_column column_padding=&#8221;no-extra-padding&#8221; column_padding_position=&#8221;all&#8221; background_color_opacity=&#8221;1&#8243; background_hover_color_opacity=&#8221;1&#8243; column_shadow=&#8221;none&#8221; width=&#8221;1\/2&#8243; tablet_text_alignment=&#8221;default&#8221; phone_text_alignment=&#8221;default&#8221; column_border_width=&#8221;none&#8221; column_border_style=&#8221;solid&#8221;][vc_column_text]\n<h3>AVANTATGES<\/h3>\n[\/vc_column_text][vc_column_text css=&#8221;.vc_custom_1491986178709{margin-top: 20px !important;}&#8221;]\n<p style=\"text-align: center;\">La qualitat i la satisfacci\u00f3 en el servei \u00e9s la nostra prioritat.<br \/>\nDescobreix les nostres avantatges.<\/p>\n[\/vc_column_text][vc_column_text el_class=&#8221;ss-car&#8221;]<strong>Una flota de vehicles nova a la seva disposici\u00f3<\/strong><br \/>\nRenovem la nostra flota de cotxes tots els anys. Per tant sempre conduir\u00e0 cotxes amb pocs quil\u00f2metres. I tots perfectament revisats. Troba el cotxe perfecte per a les teves vacances a Formentera al millor preu i que s&#8217;adaptin a les teves necessitats: Petits, mitjans, monovolums, familiars, descapotables, meharis, cotxes el\u00e8ctrics, 4&#215;4 i tot terrenys per descobrir l&#8217;illa al teu ritme en parella, amb el teu fam\u00edlia o grup d&#8217;amics.[\/vc_column_text][vc_column_text el_class=&#8221;ss-fuel&#8221;]<strong>Combustible. Pagar\u00e0 nom\u00e9s el que consumeixi<\/strong><br \/>\nPagar\u00e0 nom\u00e9s el combustible consumit. Sense sorpreses d&#8217;\u00faltima hora a la devoluci\u00f3 del vehicle. Et lliurem el dip\u00f2sit de combustible del cotxe a punt per circular i ens ho has de tornar igual.[\/vc_column_text][vc_column_text el_class=&#8221;ss-signpost&#8221;]<strong>Lliurament i recollida de vehicles en oficines diferents sense cost addicional<\/strong><br \/>\nPot recollir el seu cotxe en diferents llocs a Eivissa. A m\u00e9s si est\u00e0 interessat en tornar el seu cotxe en oficines diferents no tindr\u00e0 cost addicional. Oficina Port de la Savina (Proauto-Illa Blanca), la zona tur\u00edstica des Pujols; la platja d&#8217;es Migjorn (Hotel Insotel Formentera Platja); a l&#8217;Hotel Riu La Mola i al Club Punta Prima. Sempre en horari d&#8217;oficina.[\/vc_column_text][vc_column_text el_class=&#8221;ss-checkheart&#8221;]<strong>Transpar\u00e8ncia. Preus sense sorpreses<\/strong><br \/>\nOferim total transpar\u00e8ncia. No existeix la lletra petita. Pagar\u00e0 el contractat, sense extres ocults o d&#8217;\u00faltima hora. Les tarifes inclouen impostos i asseguran\u00e7a obligat\u00f2ria.[\/vc_column_text][vc_column_text el_class=&#8221;ss-like&#8221;]<strong>Total Tranquil\u00b7litat. Oferim asseguran\u00e7a obligat\u00f2ria Incl\u00f2s<\/strong><br \/>\nLloguer d&#8217;apartaments amb total tranquil\u00b7litat i sense imprevistos. Oferim Asseguran\u00e7a Obligat\u00f2ria en els nostres cotxes (Segur CDW danys a tercers, PAI o robatori i danys propis al vehicle). En cap cas l&#8217;asseguran\u00e7a cobrir\u00e0 el robatori i \/ o p\u00e8rdua d&#8217;objectes personals.[\/vc_column_text][vc_column_text el_class=&#8221;ss-headset&#8221;]<strong>Gesti\u00f3 o modificaci\u00f3 de les reserves sense cost<\/strong><br \/>\nPel motiu que sigui, podr\u00e0 modificar o cancel\u00b7lar la reserva sense cap cost per correu electr\u00f2nic info@esformentera.com o per tel\u00e8fon 971.800.229 amb 7 dies d&#8217;antelaci\u00f3 a la recollida del vehicle.[\/vc_column_text][vc_column_text el_class=&#8221;ss-sailboat&#8221;]<strong>Recollida i devoluci\u00f3 al Port de la Savina, sense c\u00e0rrec<\/strong><br \/>\nRecollida i devoluci\u00f3 a l&#8217;oficina sense cost addicional i forma personalitzada.<br \/>\nJuny &#8211; Setembre: Dilluns &#8211; Diumenge 9 &#8211; 21 h.<br \/>\nAbril, maig i octubre: Dilluns &#8211; Diumenge 9 -13: 30 h. \/ 16 &#8211; 20 h.[\/vc_column_text][\/vc_column][vc_column column_padding=&#8221;no-extra-padding&#8221; column_padding_position=&#8221;all&#8221; background_color_opacity=&#8221;1&#8243; background_hover_color_opacity=&#8221;1&#8243; column_shadow=&#8221;none&#8221; width=&#8221;1\/2&#8243; tablet_text_alignment=&#8221;default&#8221; phone_text_alignment=&#8221;default&#8221; column_border_width=&#8221;none&#8221; column_border_style=&#8221;solid&#8221;][vc_column_text]\n<h3>LA SEVA RESERVA INCLOU<\/h3>\n[\/vc_column_text][vc_column_text css=&#8221;.vc_custom_1491986911486{margin-top: 20px !important;}&#8221;]\n<p style=\"text-align: center;\">Serveis i extres per llogar un cotxe i \/ o moto amb Esformentera.com<br \/>\nLa qualitat i la satisfacci\u00f3 en el servei \u00e9s la nostra prioritat.<br \/>\nConsulta tot els serveis que la seva reserva inclou<\/p>\n[\/vc_column_text][vc_column_text el_class=&#8221;ss-tunnel&#8221;]<strong>El preu del lloguer inclou impostos i asseguran\u00e7a obligat\u00f2ria<\/strong><br \/>\nEl preu que li indiquem a la web: Preu total del lloguer amb IVA, asseguran\u00e7a obligat\u00f2ria i el complementari de responsabilitat civil incl\u00f2s davant de tercers. Els serveis Extres no estan inclosos en la reserva (recollir el cotxe fora d&#8217;horari d&#8217;oficina, cadires i elevadors per a nens, conductors addicionals, conductor jove, eliminaci\u00f3 de la franqu\u00edcia de l&#8217;asseguran\u00e7a &#8230;)[\/vc_column_text][vc_column_text el_class=&#8221;ss-phone&#8221;]<strong>Gesti\u00f3 telef\u00f2nica de la reserva gratu\u00efta<\/strong><br \/>\nGestionem la seva reserva de forma personalitzada per 971 800 229 i li resolem tots els seus dubtes per llogar un vehicle sense despeses. El nostre servei d&#8217;atenci\u00f3 al client \u00e9s de dilluns a divendres de 10 &#8211; 14 hores \/ 16 &#8211; 19 hores.[\/vc_column_text][vc_column_text el_class=&#8221;ss-checkclipboard&#8221;]<strong>Modificaci\u00f3 i gesti\u00f3 de la reserva gratu\u00efta<\/strong><br \/>\nLa modificaci\u00f3 d&#8217;una reserva es realitza sense cost per al client. Ens ho ha de notificar enviant un email a <a href=\"mailto:info@esformentera.com\"> info@esformentera.com <\/a> o trucant al 971 800 229. Les anul\u00b7lacions sense cost s&#8217;hauran de notificar amb 7 o m\u00e9s dies d&#8217;antelaci\u00f3 abans de la recollida del vehicle.[\/vc_column_text][vc_column_text el_class=&#8221;ss-mail&#8221;]<strong>Pagament parcial de la reserva en reservar<\/strong><br \/>\nPer garantir el seu vehicle i confirmar la reserva s&#8217;efectuar\u00e0 un pagament parcial (25%) amb targeta de cr\u00e8dit. Rebr\u00e0 un correu electr\u00f2nic amb el bo de reserva de forma immediata. La resta de la reserva i els extres que vulgui contractar el pagar\u00e0 directament a l&#8217;oficina, quan li lliurem el vehicle i signi el contracte del lloguer. A la recollida del cotxe i signatura del contracte haur\u00e0 de presentar el seu perm\u00eds de conduir, DNI o passaport i una targeta de cr\u00e8dit.[\/vc_column_text][\/vc_column][\/vc_row][vc_row type=&#8221;in_container&#8221; full_screen_row_position=&#8221;middle&#8221; scene_position=&#8221;center&#8221; text_color=&#8221;dark&#8221; text_align=&#8221;left&#8221; id=&#8221;ventajas&#8221; overlay_strength=&#8221;0.3&#8243;][vc_column column_padding=&#8221;no-extra-padding&#8221; column_padding_position=&#8221;all&#8221; background_color_opacity=&#8221;1&#8243; background_hover_color_opacity=&#8221;1&#8243; column_shadow=&#8221;none&#8221; width=&#8221;1\/2&#8243; tablet_text_alignment=&#8221;default&#8221; phone_text_alignment=&#8221;default&#8221; column_border_width=&#8221;none&#8221; column_border_style=&#8221;solid&#8221;][vc_column_text]\n<h3>SERVEIS GRATU\u00cfTS<\/h3>\n[\/vc_column_text][vc_column_text el_class=&#8221;ss-car&#8221;]<strong>Preparaci\u00f3 i posada a punt en rebre el seu vehicle<\/strong><br \/>\nLa preparaci\u00f3 i posada a punt del vehicle la realitza l&#8217;empresa sense despeses per al client. Recordeu, al tornar el cotxe, l&#8217;asseguran\u00e7a no inclou la neteja de la brut\u00edcia extrema. Abans de retirar el cotxe, revisi qualsevol desperfecte o incid\u00e8ncia amb el personal de l&#8217;oficina.[\/vc_column_text][vc_column_text el_class=&#8221;ss-road&#8221;]<strong>Quilometratge il\u00b7limitat<\/strong><br \/>\nEl quilometratge \u00e9s il\u00b7limitat i sense c\u00e0rrec, independentment dels quil\u00f2metres recorreguts a l&#8217;illa de Formentera. Per una q\u00fcesti\u00f3 de l&#8217;asseguran\u00e7a que no cobreix danys, els cotxes no poden traslladar-se a l&#8217;illa d&#8217;Eivissa.[\/vc_column_text][vc_column_text el_class=&#8221;ss-fuel&#8221;]<strong>Dip\u00f2sit de combustible llest per circular<\/strong><br \/>\nEt lliurem el dip\u00f2sit de combustible del cotxe a punt per circular sense despeses anticipades. En finalitzar el contracte de lloguer ens has de tornar el dip\u00f2sit de gasolina igual.[\/vc_column_text][vc_column_text el_class=&#8221;ss-maplocation&#8221;]<strong>Devoluci\u00f3 del vehicle en oficines diferents<\/strong><br \/>\nEl vehicle es pot tornar en una oficina diferent de la de recollida, sense despeses addicionals, sempre en horari d&#8217;oficina. Pot recollir el seu cotxe en diferents llocs a Formentera. A m\u00e9s si est\u00e0 interessat en tornar el seu cotxe en oficines diferents no tindr\u00e0 cost addicional. Oficina Port de la Savina (Proauto-Illa Blanca), la zona tur\u00edstica des Pujols; la platja d&#8217;es Migjorn (Hotel Insotel Formentera Platja); a l&#8217;Hotel Riu La Mola i al Club Punta Prima. Sempre en horari d&#8217;oficina ..[\/vc_column_text][\/vc_column][vc_column column_padding=&#8221;no-extra-padding&#8221; column_padding_position=&#8221;all&#8221; background_color_opacity=&#8221;1&#8243; background_hover_color_opacity=&#8221;1&#8243; column_shadow=&#8221;none&#8221; width=&#8221;1\/2&#8243; tablet_text_alignment=&#8221;default&#8221; phone_text_alignment=&#8221;default&#8221; column_border_width=&#8221;none&#8221; column_border_style=&#8221;solid&#8221;][vc_column_text]\n<h3>SERVEIS EXTRES NO INCLOSOS<\/h3>\n[\/vc_column_text][vc_column_text el_class=&#8221;ss-medicalcross&#8221;]Contractaci\u00f3 Segur tot risc i eliminaci\u00f3 de franqu\u00edcia (des de 9 \u20ac \/ dia segons categoria)[\/vc_column_text][vc_column_text el_class=&#8221;ss-bearface&#8221;]Cadires i elevadors per a nens (4 \u20ac \/ dia)[\/vc_column_text][vc_column_text el_class=&#8221;ss-users&#8221;]Conductor addicional (3 \u20ac \/ dia)[\/vc_column_text][vc_column_text el_class=&#8221;ss-exercise&#8221;]Conductor de 21 a 24 anys (conductor jove) per raons de sinistralitat es cobrar\u00e0 un extra de 3 \u20ac \/ dia, i no podran acollir-se al eximent o eliminaci\u00f3 de franqu\u00edcia.[\/vc_column_text][\/vc_column][\/vc_row]\n","protected":false},"excerpt":{"rendered":"<p>[vc_row type=&#8221;in_container&#8221; full_screen_row_position=&#8221;middle&#8221; scene_position=&#8221;center&#8221; text_color=&#8221;dark&#8221; text_align=&#8221;left&#8221; top_padding=&#8221;0&#8243; id=&#8221;ventajas&#8221; overlay_strength=&#8221;0.3&#8243;][vc_column column_padding=&#8221;no-extra-padding&#8221; column_padding_position=&#8221;all&#8221; background_color_opacity=&#8221;1&#8243; background_hover_color_opacity=&#8221;1&#8243; column_shadow=&#8221;none&#8221; width=&#8221;1\/2&#8243; tablet_text_alignment=&#8221;default&#8221; phone_text_alignment=&#8221;default&#8221; column_border_width=&#8221;none&#8221; column_border_style=&#8221;solid&#8221;][vc_column_text] AVANTATGES [\/vc_column_text][vc_column_text css=&#8221;.vc_custom_1491986178709{margin-top: 20px !important;}&#8221;] La qualitat i la satisfacci\u00f3 en&#8230;<\/p>\n","protected":false},"author":1,"featured_media":0,"parent":0,"menu_order":0,"comment_status":"closed","ping_status":"closed","template":"","meta":{"footnotes":""},"class_list":["post-853","page","type-page","status-publish"],"yoast_head":"<!-- This site is optimized with the Yoast SEO Premium plugin v19.3 (Yoast SEO v25.6) - https:\/\/yoast.com\/wordpress\/plugins\/seo\/ -->\n<title>Avantatges - Esformentera<\/title>\n<meta name=\"description\" content=\"I vantaggi di affittare la vostra auto o moto con EsFormentera.com: La soddisfazione qualit\u00e0 e il servizio \u00e8 la nostra priorit\u00e0. Scopri le nostre vantaggi!\" \/>\n<meta name=\"robots\" content=\"index, follow, max-snippet:-1, max-image-preview:large, max-video-preview:-1\" \/>\n<link rel=\"canonical\" href=\"https:\/\/www.esformentera.com\/ca\/avantatges\/\" \/>\n<meta property=\"og:locale\" content=\"ca_ES\" \/>\n<meta property=\"og:type\" content=\"article\" \/>\n<meta property=\"og:title\" content=\"Avantatges\" \/>\n<meta property=\"og:description\" content=\"I vantaggi di affittare la vostra auto o moto con EsFormentera.com: La soddisfazione qualit\u00e0 e il servizio \u00e8 la nostra priorit\u00e0. Scopri le nostre vantaggi!\" \/>\n<meta property=\"og:url\" content=\"https:\/\/www.esformentera.com\/ca\/avantatges\/\" \/>\n<meta property=\"og:site_name\" content=\"Esformentera\" \/>\n<meta property=\"article:publisher\" content=\"https:\/\/www.facebook.com\/esformentera\" \/>\n<meta property=\"article:modified_time\" content=\"2017-05-19T10:44:04+00:00\" \/>\n<meta name=\"twitter:card\" content=\"summary_large_image\" \/>\n<meta name=\"twitter:label1\" content=\"Temps estimat de lectura\" \/>\n\t<meta name=\"twitter:data1\" content=\"7 minuts\" \/>\n<script type=\"application\/ld+json\" class=\"yoast-schema-graph\">{\"@context\":\"https:\/\/schema.org\",\"@graph\":[{\"@type\":\"WebPage\",\"@id\":\"https:\/\/www.esformentera.com\/ca\/avantatges\/\",\"url\":\"https:\/\/www.esformentera.com\/ca\/avantatges\/\",\"name\":\"Avantatges - Esformentera\",\"isPartOf\":{\"@id\":\"https:\/\/www.esformentera.com\/#website\"},\"datePublished\":\"2017-03-24T09:38:47+00:00\",\"dateModified\":\"2017-05-19T10:44:04+00:00\",\"description\":\"I vantaggi di affittare la vostra auto o moto con EsFormentera.com: La soddisfazione qualit\u00e0 e il servizio \u00e8 la nostra priorit\u00e0. Scopri le nostre vantaggi!\",\"breadcrumb\":{\"@id\":\"https:\/\/www.esformentera.com\/ca\/avantatges\/#breadcrumb\"},\"inLanguage\":\"ca\",\"potentialAction\":[{\"@type\":\"ReadAction\",\"target\":[\"https:\/\/www.esformentera.com\/ca\/avantatges\/\"]}]},{\"@type\":\"BreadcrumbList\",\"@id\":\"https:\/\/www.esformentera.com\/ca\/avantatges\/#breadcrumb\",\"itemListElement\":[{\"@type\":\"ListItem\",\"position\":1,\"name\":\"Portada\",\"item\":\"https:\/\/www.esformentera.com\/ca\/\"},{\"@type\":\"ListItem\",\"position\":2,\"name\":\"Avantatges\"}]},{\"@type\":\"WebSite\",\"@id\":\"https:\/\/www.esformentera.com\/#website\",\"url\":\"https:\/\/www.esformentera.com\/\",\"name\":\"Esformentera\",\"description\":\"\",\"publisher\":{\"@id\":\"https:\/\/www.esformentera.com\/#organization\"},\"potentialAction\":[{\"@type\":\"SearchAction\",\"target\":{\"@type\":\"EntryPoint\",\"urlTemplate\":\"https:\/\/www.esformentera.com\/?s={search_term_string}\"},\"query-input\":{\"@type\":\"PropertyValueSpecification\",\"valueRequired\":true,\"valueName\":\"search_term_string\"}}],\"inLanguage\":\"ca\"},{\"@type\":\"Organization\",\"@id\":\"https:\/\/www.esformentera.com\/#organization\",\"name\":\"Esformentera\",\"url\":\"https:\/\/www.esformentera.com\/\",\"logo\":{\"@type\":\"ImageObject\",\"inLanguage\":\"ca\",\"@id\":\"https:\/\/www.esformentera.com\/#\/schema\/logo\/image\/\",\"url\":\"https:\/\/www.esformentera.com\/wp-content\/uploads\/2021\/07\/logoEsFormentera.png\",\"contentUrl\":\"https:\/\/www.esformentera.com\/wp-content\/uploads\/2021\/07\/logoEsFormentera.png\",\"width\":382,\"height\":76,\"caption\":\"Esformentera\"},\"image\":{\"@id\":\"https:\/\/www.esformentera.com\/#\/schema\/logo\/image\/\"},\"sameAs\":[\"https:\/\/www.facebook.com\/esformentera\"]}]}<\/script>\n<!-- \/ Yoast SEO Premium plugin. -->","yoast_head_json":{"title":"Avantatges - Esformentera","description":"I vantaggi di affittare la vostra auto o moto con EsFormentera.com: La soddisfazione qualit\u00e0 e il servizio \u00e8 la nostra priorit\u00e0. Scopri le nostre vantaggi!","robots":{"index":"index","follow":"follow","max-snippet":"max-snippet:-1","max-image-preview":"max-image-preview:large","max-video-preview":"max-video-preview:-1"},"canonical":"https:\/\/www.esformentera.com\/ca\/avantatges\/","og_locale":"ca_ES","og_type":"article","og_title":"Avantatges","og_description":"I vantaggi di affittare la vostra auto o moto con EsFormentera.com: La soddisfazione qualit\u00e0 e il servizio \u00e8 la nostra priorit\u00e0. Scopri le nostre vantaggi!","og_url":"https:\/\/www.esformentera.com\/ca\/avantatges\/","og_site_name":"Esformentera","article_publisher":"https:\/\/www.facebook.com\/esformentera","article_modified_time":"2017-05-19T10:44:04+00:00","twitter_card":"summary_large_image","twitter_misc":{"Temps estimat de lectura":"7 minuts"},"schema":{"@context":"https:\/\/schema.org","@graph":[{"@type":"WebPage","@id":"https:\/\/www.esformentera.com\/ca\/avantatges\/","url":"https:\/\/www.esformentera.com\/ca\/avantatges\/","name":"Avantatges - Esformentera","isPartOf":{"@id":"https:\/\/www.esformentera.com\/#website"},"datePublished":"2017-03-24T09:38:47+00:00","dateModified":"2017-05-19T10:44:04+00:00","description":"I vantaggi di affittare la vostra auto o moto con EsFormentera.com: La soddisfazione qualit\u00e0 e il servizio \u00e8 la nostra priorit\u00e0. Scopri le nostre vantaggi!","breadcrumb":{"@id":"https:\/\/www.esformentera.com\/ca\/avantatges\/#breadcrumb"},"inLanguage":"ca","potentialAction":[{"@type":"ReadAction","target":["https:\/\/www.esformentera.com\/ca\/avantatges\/"]}]},{"@type":"BreadcrumbList","@id":"https:\/\/www.esformentera.com\/ca\/avantatges\/#breadcrumb","itemListElement":[{"@type":"ListItem","position":1,"name":"Portada","item":"https:\/\/www.esformentera.com\/ca\/"},{"@type":"ListItem","position":2,"name":"Avantatges"}]},{"@type":"WebSite","@id":"https:\/\/www.esformentera.com\/#website","url":"https:\/\/www.esformentera.com\/","name":"Esformentera","description":"","publisher":{"@id":"https:\/\/www.esformentera.com\/#organization"},"potentialAction":[{"@type":"SearchAction","target":{"@type":"EntryPoint","urlTemplate":"https:\/\/www.esformentera.com\/?s={search_term_string}"},"query-input":{"@type":"PropertyValueSpecification","valueRequired":true,"valueName":"search_term_string"}}],"inLanguage":"ca"},{"@type":"Organization","@id":"https:\/\/www.esformentera.com\/#organization","name":"Esformentera","url":"https:\/\/www.esformentera.com\/","logo":{"@type":"ImageObject","inLanguage":"ca","@id":"https:\/\/www.esformentera.com\/#\/schema\/logo\/image\/","url":"https:\/\/www.esformentera.com\/wp-content\/uploads\/2021\/07\/logoEsFormentera.png","contentUrl":"https:\/\/www.esformentera.com\/wp-content\/uploads\/2021\/07\/logoEsFormentera.png","width":382,"height":76,"caption":"Esformentera"},"image":{"@id":"https:\/\/www.esformentera.com\/#\/schema\/logo\/image\/"},"sameAs":["https:\/\/www.facebook.com\/esformentera"]}]}},"_links":{"self":[{"href":"https:\/\/www.esformentera.com\/ca\/wp-json\/wp\/v2\/pages\/853","targetHints":{"allow":["GET"]}}],"collection":[{"href":"https:\/\/www.esformentera.com\/ca\/wp-json\/wp\/v2\/pages"}],"about":[{"href":"https:\/\/www.esformentera.com\/ca\/wp-json\/wp\/v2\/types\/page"}],"author":[{"embeddable":true,"href":"https:\/\/www.esformentera.com\/ca\/wp-json\/wp\/v2\/users\/1"}],"replies":[{"embeddable":true,"href":"https:\/\/www.esformentera.com\/ca\/wp-json\/wp\/v2\/comments?post=853"}],"version-history":[{"count":0,"href":"https:\/\/www.esformentera.com\/ca\/wp-json\/wp\/v2\/pages\/853\/revisions"}],"wp:attachment":[{"href":"https:\/\/www.esformentera.com\/ca\/wp-json\/wp\/v2\/media?parent=853"}],"curies":[{"name":"wp","href":"https:\/\/api.w.org\/{rel}","templated":true}]}}