{"id":763,"date":"2017-04-04T17:07:51","date_gmt":"2017-04-04T16:07:51","guid":{"rendered":"http:\/\/www.esformentera.com\/faq\/"},"modified":"2017-05-19T11:51:58","modified_gmt":"2017-05-19T10:51:58","slug":"faq","status":"publish","type":"page","link":"https:\/\/www.esformentera.com\/ca\/faq\/","title":{"rendered":"FAQ"},"content":{"rendered":"[vc_row type=&#8221;in_container&#8221; full_screen_row_position=&#8221;middle&#8221; scene_position=&#8221;center&#8221; text_color=&#8221;dark&#8221; text_align=&#8221;left&#8221; overlay_strength=&#8221;0.3&#8243;][vc_column column_padding=&#8221;no-extra-padding&#8221; column_padding_position=&#8221;all&#8221; background_color_opacity=&#8221;1&#8243; background_hover_color_opacity=&#8221;1&#8243; column_shadow=&#8221;none&#8221; width=&#8221;1\/2&#8243; tablet_text_alignment=&#8221;default&#8221; phone_text_alignment=&#8221;default&#8221; column_border_width=&#8221;none&#8221; column_border_style=&#8221;solid&#8221;][vc_column_text css=&#8221;.vc_custom_1491561980111{padding-bottom: 20px !important;}&#8221;]\n<h2>Sobre la meva reserva<\/h2>\n[\/vc_column_text][toggles style=&#8221;default&#8221;][toggle color=&#8221;Default&#8221; title=&#8221;Com realitzo la meva reserva per web?&#8221;][vc_column_text]1. Introdu\u00efu el lloc de recollida en l&#8217;opci\u00f3<br \/>\n2. Escolliu vehicle i a continuaci\u00f3 premeu el bot\u00f3 &#8216;Calcular preu&#8217;.<br \/>\n3. Empleneu els camps obligatoris del formulari de dades personals i introdu\u00efu les vostres dades de pagament (garantia). Abans de finalitzar el tr\u00e0mit de la vostra reserva heu d&#8217;acceptar les condicions i els termes de la reserva.[\/vc_column_text][\/toggle][toggle color=&#8221;Default&#8221; title=&#8221;Com s\u00e9 si la meva reserva est\u00e0 confirmada?&#8221;][vc_column_text]Us enviarem el bo confirmat per correu electr\u00f2nic.[\/vc_column_text][\/toggle][toggle color=&#8221;Default&#8221; title=&#8221;S&#8217;ha confirmat la meva petici\u00f3 de reserva?&#8221;][vc_column_text]Tots els cotxes que apareixen en el web estan disponibles inicialment. A causa de l&#8217;alta ocupaci\u00f3 durant els mesos de temporada alta, totes les reserves es comproven manualment i s\u00f3n reconfirmades per evitar problemes de disponibilitat. Una vegada realitzada la petici\u00f3 i passats els terminis establerts, us notificarem per correu electr\u00f2nic si la vostra reserva queda confirmada o no. En cas d&#8217;estar confirmada, us enviarem el bo de confirmaci\u00f3 per correu electr\u00f2nic. Haureu d&#8217;imprimir el bo i presentar-lo al nostre prove\u00efdor a la recollida del vehicle.[\/vc_column_text][\/toggle][toggle color=&#8221;Default&#8221; title=&#8221;He realitzat una reserva i no he rebut cap confirmaci\u00f3 a la meva adre\u00e7a de correu electr\u00f2nic.&#8221;][vc_column_text]Assegureu-vos d&#8217;haver introdu\u00eft una adre\u00e7a de correu v\u00e0lida. Si us plau, reviseu la carpeta de correu no desitjat del vostre programa de correu electr\u00f2nic. Si no trobeu el que cerqueu, contacteu amb el nostre departament de reserves a trav\u00e9s de la p\u00e0gina de contacte[\/vc_column_text][\/toggle][toggle color=&#8221;Default&#8221; title=&#8221;Durant quant temps puc llogar un vehicle?&#8221;][vc_column_text]Podeu fer una reserva de 30 dies com a m\u00e0xim. Si necessiteu el vehicle m\u00e9s temps i voleu prolongar la reserva, haureu de renovar el contracte cada 30 dies. Poseu-vos en contacte amb nosaltres per obtenir m\u00e9s informaci\u00f3.[\/vc_column_text][\/toggle][toggle color=&#8221;Default&#8221; title=&#8221;Puc reservar un vehicle per avui?&#8221;][vc_column_text]Realitzeu la petici\u00f3 de la manera habitual a trav\u00e9s de la p\u00e0gina web. Si us plau, poseu-vos en contacte directament amb el nostre departament d&#8217;atenci\u00f3 al client per agilitzar els tr\u00e0mits. Durant la temporada d?estiu a causa de l&#8217;increment de reserves no podrem confirmar reserves amb menys de 24 h d&#8217;antelaci\u00f3[\/vc_column_text][\/toggle][toggle color=&#8221;Default&#8221; title=&#8221;Com es conten els dies de lloguer?&#8221;][vc_column_text]Els dies es compten amb format de 24 hores a partir de l&#8217;hora de recollida del vehicle. Els dies parcials han de ser abonats \u00edntegrament a causa de l&#8217;asseguran\u00e7a.[\/vc_column_text][\/toggle][toggle color=&#8221;Default&#8221; title=&#8221;Puc escollir model de vehicle?&#8221;][vc_column_text]No us podem confirmar marques, models o colors de cotxe en concret, ni el tipus de combustible utilitzat. Tot i aix\u00f2, en la majoria dels casos lliurem sempre el model ofert o un model superior.[\/vc_column_text][\/toggle][toggle color=&#8221;Default&#8221; title=&#8221;Com ho faig per modificar les dades de la meva reserva?&#8221;][vc_column_text]Envieu un correu electr\u00f2nic des de &#8216;Contacta&#8217;. Trobareu l&#8217;enlla\u00e7 a la p\u00e0gina principal del nostre web o trucant al nostre tel\u00e8fon d&#8217;atenci\u00f3 al client 971 800 563.[\/vc_column_text][\/toggle][toggle color=&#8221;Default&#8221; title=&#8221;Qu\u00e8 he de fer per prolongar la meva reserva?&#8221;][vc_column_text]En cas de prolongaci\u00f3 de la vostra reserva, si us plau, tingueu en compte que heu d&#8217;avisar abans de finalitzar el contracte. Poseu-vos contacte amb el nostre departament d&#8217;atenci\u00f3 al client.[\/vc_column_text][\/toggle][toggle color=&#8221;Default&#8221; title=&#8221;Com sol\u00b7licito una factura de la meva reserva?&#8221;][vc_column_text]Heu d&#8217;utilitzar l&#8217;enlla\u00e7 &#8216;Contacta&#8217; de la p\u00e0gina principal, i informar-nos del vostre n\u00famero de reserva i de les vostres dades fiscals. Aviat us farem arribar la factura per correu electr\u00f2nic.[\/vc_column_text][\/toggle][toggle color=&#8221;Default&#8221; title=&#8221;\u00c9s possible modificar o cancel&#8217;lar la meva reserva?&#8221;][vc_column_text]\u00c9s possible, sempre que ens ho notifiqueu per correu electr\u00f2nic a trav\u00e9s de info@esformentera.com[\/vc_column_text][\/toggle][toggle color=&#8221;Default&#8221; title=&#8221;Quins documents necessito per llogar un cotxe?&#8221;][vc_column_text]El vostre passaport o DNI original vigent (tamb\u00e9 per a conductors addicionals). El vostre perm\u00eds de conduir (tamb\u00e9 per a conductors addicionals). Una targeta de cr\u00e8dit.[\/vc_column_text][\/toggle][toggle color=&#8221;Default&#8221; title=&#8221;Quina edat he de tenir per llogar un vehicle?&#8221;][vc_column_text]Cada prove\u00efdor t\u00e9 les seves pr\u00f2pies condicions pel que fa a l&#8217;edat requerida als conductors. Durant el proc\u00e9s de la reserva s&#8217;informa sempre de l&#8217;edat m\u00ednima exigida. Gaireb\u00e9 tots els prove\u00efdors exigeixen una edat m\u00ednima de 21 anys i un o dos anys de carnet de conduir per als grups econ\u00f2mics i compactes. Hi ha un suplement de conductor jove que oscil?la entre 2 i 6 euros per dia depenent del vehicle. Si us plau, llegiu les condicions de contractaci\u00f3 del vehicle.[\/vc_column_text][\/toggle][toggle color=&#8221;Default&#8221; title=&#8221;Quina classe d&#8217;asseguran\u00e7a puc adquirir per llogar un cotxe?&#8221;][vc_column_text]Tots els nostres vehicles disposen d&#8217;asseguran\u00e7a a tot risc amb franqu\u00edcia, a excepci\u00f3 de vehicles de gamma superior. Depenent de la marca i model del vehicle la franqu\u00edcia oscil?la entre 225 i 450 euros per a vehicles econ\u00f2mics. Per a vehicles de gamma alta, consulteu-ne les condicions. Podeu eliminar la franqu\u00edcia a l&#8217;hora de recollir el vehicle a la vostra oficina.[\/vc_column_text][\/toggle][toggle color=&#8221;Default&#8221; title=&#8221;Necessito reservar la cadira de beb\u00e8\/nen al moment de realitzar la reserva?&#8221;][vc_column_text]S\u00ed, cal sol&#8217;licitar-la al moment de realitzar la reserva. L&#8217;import addicional no es veur\u00e0 reflectit en l&#8217;import total de la reserva i haureu d&#8217;abonar-lo a l&#8217;oficina de recollida. El nostre prove\u00efdor tindr\u00e0 la cadira disponible per al vostre vehicle a la recollida. Els preus oscil?len entre 3 o 4 euros depenent del prove\u00efdor.[\/vc_column_text][\/toggle][toggle color=&#8221;Default&#8221; title=&#8221;Puc incloure un conductor addicional a la meva reserva?&#8221;][vc_column_text]S\u00ed. A la destinaci\u00f3 abans de signar el contracte podreu incloure un segon conductor. Depenent del prove\u00efdor hi haur\u00e0 un c\u00e0rrec extra. Si us plau, llegiu les condicions i els termes de la vostra reserva.&gt;[\/vc_column_text][\/toggle][toggle color=&#8221;Default&#8221; title=&#8221;On recullo el vehicle?&#8221;][vc_column_text]Si us plau, llegiu la informaci\u00f3 que apareix en el bo referent al lloc de recollida.[\/vc_column_text][\/toggle][toggle color=&#8221;Default&#8221; title=&#8221;\u00c9s possible recollir el cotxe a l&#8217;hotel? Hi ha un c\u00e0rrec extra per aquest servei?&#8221;][vc_column_text]S\u00ed. \u00c9s possible amb alguns prove\u00efdors sempre que siguin reserves de m\u00e9s de 4 dies i sempre hi ha un c\u00e0rrec addicional per aquest servei. Si us plau, llegiu les condicions i els termes de la vostra reserva.[\/vc_column_text][\/toggle][toggle color=&#8221;Default&#8221; title=&#8221;Puc tornar el vehicle en una altra oficina diferent d&#8217;on es va llogar? Quant costa?&#8221;][vc_column_text]Si voleu tornar el vehicle en una oficina diferent d&#8217;aquella on el va llogar, nom\u00e9s cal que indiqueu les oficines corresponents quan comenci el proc\u00e9s de reserva a la primera p\u00e0gina del nostre web. Si us plau, llegiu les condicions i els termes de la vostra reserva, ja que alguns dels nostres prove\u00efdors tenen un c\u00e0rrec de 20 euros per devoluci\u00f3 en una oficina diferent.[\/vc_column_text][\/toggle][toggle color=&#8221;Default&#8221; title=&#8221;Si no tinc l&#8217;hora d&#8217;arrivada al port, qu\u00e8 puc fer?&#8221;][vc_column_text]Si encara no disposeu del horari del ferry, podeu emplenar la casella amb la paraula PENDENT.[\/vc_column_text][\/toggle][\/toggles][\/vc_column][vc_column column_padding=&#8221;no-extra-padding&#8221; column_padding_position=&#8221;all&#8221; background_color_opacity=&#8221;1&#8243; background_hover_color_opacity=&#8221;1&#8243; column_shadow=&#8221;none&#8221; width=&#8221;1\/2&#8243; tablet_text_alignment=&#8221;default&#8221; phone_text_alignment=&#8221;default&#8221; column_border_width=&#8221;none&#8221; column_border_style=&#8221;solid&#8221;][vc_column_text css=&#8221;.vc_custom_1491561990675{padding-bottom: 20px !important;}&#8221;]\n<h2>Formes de pagament<\/h2>\n[\/vc_column_text][toggles style=&#8221;default&#8221;][toggle color=&#8221;Default&#8221; title=&#8221;Per qu\u00e8 he de portar una targeta de cr\u00e8dit?&#8221;][vc_column_text]La targeta de cr\u00e8dit serveix als nostres col?laboradors com a garantia. \u00c9s obligatori presentar-la per realitzar qualsevol pagament. Pot ser de qualsevol persona, sempre que hi sigui f\u00edsicament el moment en qu\u00e8 es retira el vehicle.[\/vc_column_text][\/toggle][toggle color=&#8221;Default&#8221; title=&#8221;No tinc targeta de cr\u00e8dit. Puc llogar un cotxe?&#8221;][vc_column_text]\u00c9s imprescindible la targeta de cr\u00e8dit per al lloguer d&#8217;un cotxe.[\/vc_column_text][\/toggle][\/toggles][vc_column_text css=&#8221;.vc_custom_1491562022842{padding-bottom: 20px !important;}&#8221;]\n<h2>El meu vehucle de lloguer<\/h2>\n[\/vc_column_text][toggles style=&#8221;default&#8221;][toggle color=&#8221;Default&#8221; title=&#8221;Qui pot conduir el cotxe ?&#8221;][vc_column_text]El conductor ser\u00e0 la persona que ha realitzat el lloguer. El conductor haur\u00e0 de presentar la seva llic\u00e8ncia de conducci\u00f3 en retirar el vehicle. Est\u00e0 perm\u00e8s un segon conductor, que, depenent del prove\u00efdor, t\u00e9 un cost addicional.[\/vc_column_text][\/toggle][toggle color=&#8221;Default&#8221; title=&#8221;Puc sortir de Formentera amb el vehicle?&#8221;][vc_column_text]A causa de les assegurances, el vehicle no pot sortir de l&#8217;illa. Per exemple, no us podeu emportar el cotxe a Eivissa.[\/vc_column_text][\/toggle][toggle color=&#8221;Default&#8221; title=&#8221;He de deixar un dip\u00f2sit a la recollida del vehicle?&#8221;][vc_column_text]Cada prove\u00efdor disposa de condicions diferents sobre aix\u00f2. Si us plau, llegiu atentament les condicions i els termes de la vostra reserva. En cas de tractar-se d&#8217;una asseguran\u00e7a amb franqu\u00edcia, l&#8217;import de la franqu\u00edcia ser\u00e0 bloquejat a la vostra targeta fins a la devoluci\u00f3 del vehicle. Hi ha la possibilitat d&#8217;eliminar la franqu\u00edcia pagant un c\u00e0rrec extra que est\u00e0 reflectit a les condicions.[\/vc_column_text][\/toggle][toggle color=&#8221;Default&#8221; title=&#8221;Combustible&#8221;][vc_column_text]En general per a la majoria de prove\u00efdors s\u00f3n v\u00e0lides les condicions seg\u00fcents: &#8211; Per a lloguers de fins a 3 dies, s&#8217;efectuar\u00e0 la devoluci\u00f3 del dip\u00f2sit proporcional a la quantitat restant en el tanc (1\/2, \u00bc, etc.). &#8211; Si el lloguer \u00e9s de 4 dies o m\u00e9s, es cobrar\u00e0 l&#8217;import total del tanc, i el vehicle s?haur\u00e0 de tornar al m\u00e0xim de buit possible. No hi ha la possibilitat de devolucions parcials. &#8211; Al comen\u00e7ament del lloguer, se us sol?licitar\u00e0 el pagament de l&#8217;import del combustible. &#8211; El valor del combustible variar\u00e0 segons el model del vehicle i oscil?lar\u00e0 entre 50 i 100 euros per dip\u00f2sit. &#8211; Si us plau, llegiu atentament les condicions de cada vehicle ja que varien segons el col?laborador.[\/vc_column_text][\/toggle][toggle color=&#8221;Default&#8221; title=&#8221;Puc eliminar la franqu\u00edcia de l&#8217;asseguran\u00e7a?&#8221;][vc_column_text]Normalment, tots els prove\u00efdors permeten eliminar o reduir la franqu\u00edcia mitjan\u00e7ant un suplement diari que est\u00e0 indicat a les condicions de la reserva. Podreu informar-vos d&#8217;aquest servei a l&#8217;oficina quan recolliu el vehicle.[\/vc_column_text][\/toggle][\/toggles][\/vc_column][\/vc_row]\n","protected":false},"excerpt":{"rendered":"<p>[vc_row type=&#8221;in_container&#8221; full_screen_row_position=&#8221;middle&#8221; scene_position=&#8221;center&#8221; text_color=&#8221;dark&#8221; text_align=&#8221;left&#8221; overlay_strength=&#8221;0.3&#8243;][vc_column column_padding=&#8221;no-extra-padding&#8221; column_padding_position=&#8221;all&#8221; background_color_opacity=&#8221;1&#8243; background_hover_color_opacity=&#8221;1&#8243; column_shadow=&#8221;none&#8221; width=&#8221;1\/2&#8243; tablet_text_alignment=&#8221;default&#8221; phone_text_alignment=&#8221;default&#8221; column_border_width=&#8221;none&#8221; column_border_style=&#8221;solid&#8221;][vc_column_text css=&#8221;.vc_custom_1491561980111{padding-bottom: 20px !important;}&#8221;] Sobre la meva reserva [\/vc_column_text][toggles style=&#8221;default&#8221;][toggle color=&#8221;Default&#8221; title=&#8221;Com realitzo la&#8230;<\/p>\n","protected":false},"author":1,"featured_media":0,"parent":0,"menu_order":0,"comment_status":"closed","ping_status":"closed","template":"","meta":{"footnotes":""},"class_list":["post-763","page","type-page","status-publish"],"yoast_head":"<!-- This site is optimized with the Yoast SEO Premium plugin v19.3 (Yoast SEO v25.6) - https:\/\/yoast.com\/wordpress\/plugins\/seo\/ -->\n<title>FAQ - Esformentera<\/title>\n<meta name=\"description\" content=\"Preguntes Freq\u00fcents sobre EsFormentera: Davant de qualsevol problema li recomanem llegir els nostres guies de preguntes freq\u00fcents - FAQ.\" \/>\n<meta name=\"robots\" content=\"index, follow, max-snippet:-1, max-image-preview:large, max-video-preview:-1\" \/>\n<link rel=\"canonical\" href=\"https:\/\/www.esformentera.com\/ca\/faq\/\" \/>\n<meta property=\"og:locale\" content=\"ca_ES\" \/>\n<meta property=\"og:type\" content=\"article\" \/>\n<meta property=\"og:title\" content=\"FAQ\" \/>\n<meta property=\"og:description\" content=\"Preguntes Freq\u00fcents sobre EsFormentera: Davant de qualsevol problema li recomanem llegir els nostres guies de preguntes freq\u00fcents - FAQ.\" \/>\n<meta property=\"og:url\" content=\"https:\/\/www.esformentera.com\/ca\/faq\/\" \/>\n<meta property=\"og:site_name\" content=\"Esformentera\" \/>\n<meta property=\"article:publisher\" content=\"https:\/\/www.facebook.com\/esformentera\" \/>\n<meta property=\"article:modified_time\" content=\"2017-05-19T10:51:58+00:00\" \/>\n<meta name=\"twitter:card\" content=\"summary_large_image\" \/>\n<meta name=\"twitter:label1\" content=\"Temps estimat de lectura\" \/>\n\t<meta name=\"twitter:data1\" content=\"10 minuts\" \/>\n<script type=\"application\/ld+json\" class=\"yoast-schema-graph\">{\"@context\":\"https:\/\/schema.org\",\"@graph\":[{\"@type\":\"WebPage\",\"@id\":\"https:\/\/www.esformentera.com\/ca\/faq\/\",\"url\":\"https:\/\/www.esformentera.com\/ca\/faq\/\",\"name\":\"FAQ - Esformentera\",\"isPartOf\":{\"@id\":\"https:\/\/www.esformentera.com\/#website\"},\"datePublished\":\"2017-04-04T16:07:51+00:00\",\"dateModified\":\"2017-05-19T10:51:58+00:00\",\"description\":\"Preguntes Freq\u00fcents sobre EsFormentera: Davant de qualsevol problema li recomanem llegir els nostres guies de preguntes freq\u00fcents - FAQ.\",\"breadcrumb\":{\"@id\":\"https:\/\/www.esformentera.com\/ca\/faq\/#breadcrumb\"},\"inLanguage\":\"ca\",\"potentialAction\":[{\"@type\":\"ReadAction\",\"target\":[\"https:\/\/www.esformentera.com\/ca\/faq\/\"]}]},{\"@type\":\"BreadcrumbList\",\"@id\":\"https:\/\/www.esformentera.com\/ca\/faq\/#breadcrumb\",\"itemListElement\":[{\"@type\":\"ListItem\",\"position\":1,\"name\":\"Portada\",\"item\":\"https:\/\/www.esformentera.com\/ca\/\"},{\"@type\":\"ListItem\",\"position\":2,\"name\":\"FAQ\"}]},{\"@type\":\"WebSite\",\"@id\":\"https:\/\/www.esformentera.com\/#website\",\"url\":\"https:\/\/www.esformentera.com\/\",\"name\":\"Esformentera\",\"description\":\"\",\"publisher\":{\"@id\":\"https:\/\/www.esformentera.com\/#organization\"},\"potentialAction\":[{\"@type\":\"SearchAction\",\"target\":{\"@type\":\"EntryPoint\",\"urlTemplate\":\"https:\/\/www.esformentera.com\/?s={search_term_string}\"},\"query-input\":{\"@type\":\"PropertyValueSpecification\",\"valueRequired\":true,\"valueName\":\"search_term_string\"}}],\"inLanguage\":\"ca\"},{\"@type\":\"Organization\",\"@id\":\"https:\/\/www.esformentera.com\/#organization\",\"name\":\"Esformentera\",\"url\":\"https:\/\/www.esformentera.com\/\",\"logo\":{\"@type\":\"ImageObject\",\"inLanguage\":\"ca\",\"@id\":\"https:\/\/www.esformentera.com\/#\/schema\/logo\/image\/\",\"url\":\"https:\/\/www.esformentera.com\/wp-content\/uploads\/2021\/07\/logoEsFormentera.png\",\"contentUrl\":\"https:\/\/www.esformentera.com\/wp-content\/uploads\/2021\/07\/logoEsFormentera.png\",\"width\":382,\"height\":76,\"caption\":\"Esformentera\"},\"image\":{\"@id\":\"https:\/\/www.esformentera.com\/#\/schema\/logo\/image\/\"},\"sameAs\":[\"https:\/\/www.facebook.com\/esformentera\"]}]}<\/script>\n<!-- \/ Yoast SEO Premium plugin. -->","yoast_head_json":{"title":"FAQ - Esformentera","description":"Preguntes Freq\u00fcents sobre EsFormentera: Davant de qualsevol problema li recomanem llegir els nostres guies de preguntes freq\u00fcents - FAQ.","robots":{"index":"index","follow":"follow","max-snippet":"max-snippet:-1","max-image-preview":"max-image-preview:large","max-video-preview":"max-video-preview:-1"},"canonical":"https:\/\/www.esformentera.com\/ca\/faq\/","og_locale":"ca_ES","og_type":"article","og_title":"FAQ","og_description":"Preguntes Freq\u00fcents sobre EsFormentera: Davant de qualsevol problema li recomanem llegir els nostres guies de preguntes freq\u00fcents - FAQ.","og_url":"https:\/\/www.esformentera.com\/ca\/faq\/","og_site_name":"Esformentera","article_publisher":"https:\/\/www.facebook.com\/esformentera","article_modified_time":"2017-05-19T10:51:58+00:00","twitter_card":"summary_large_image","twitter_misc":{"Temps estimat de lectura":"10 minuts"},"schema":{"@context":"https:\/\/schema.org","@graph":[{"@type":"WebPage","@id":"https:\/\/www.esformentera.com\/ca\/faq\/","url":"https:\/\/www.esformentera.com\/ca\/faq\/","name":"FAQ - Esformentera","isPartOf":{"@id":"https:\/\/www.esformentera.com\/#website"},"datePublished":"2017-04-04T16:07:51+00:00","dateModified":"2017-05-19T10:51:58+00:00","description":"Preguntes Freq\u00fcents sobre EsFormentera: Davant de qualsevol problema li recomanem llegir els nostres guies de preguntes freq\u00fcents - FAQ.","breadcrumb":{"@id":"https:\/\/www.esformentera.com\/ca\/faq\/#breadcrumb"},"inLanguage":"ca","potentialAction":[{"@type":"ReadAction","target":["https:\/\/www.esformentera.com\/ca\/faq\/"]}]},{"@type":"BreadcrumbList","@id":"https:\/\/www.esformentera.com\/ca\/faq\/#breadcrumb","itemListElement":[{"@type":"ListItem","position":1,"name":"Portada","item":"https:\/\/www.esformentera.com\/ca\/"},{"@type":"ListItem","position":2,"name":"FAQ"}]},{"@type":"WebSite","@id":"https:\/\/www.esformentera.com\/#website","url":"https:\/\/www.esformentera.com\/","name":"Esformentera","description":"","publisher":{"@id":"https:\/\/www.esformentera.com\/#organization"},"potentialAction":[{"@type":"SearchAction","target":{"@type":"EntryPoint","urlTemplate":"https:\/\/www.esformentera.com\/?s={search_term_string}"},"query-input":{"@type":"PropertyValueSpecification","valueRequired":true,"valueName":"search_term_string"}}],"inLanguage":"ca"},{"@type":"Organization","@id":"https:\/\/www.esformentera.com\/#organization","name":"Esformentera","url":"https:\/\/www.esformentera.com\/","logo":{"@type":"ImageObject","inLanguage":"ca","@id":"https:\/\/www.esformentera.com\/#\/schema\/logo\/image\/","url":"https:\/\/www.esformentera.com\/wp-content\/uploads\/2021\/07\/logoEsFormentera.png","contentUrl":"https:\/\/www.esformentera.com\/wp-content\/uploads\/2021\/07\/logoEsFormentera.png","width":382,"height":76,"caption":"Esformentera"},"image":{"@id":"https:\/\/www.esformentera.com\/#\/schema\/logo\/image\/"},"sameAs":["https:\/\/www.facebook.com\/esformentera"]}]}},"_links":{"self":[{"href":"https:\/\/www.esformentera.com\/ca\/wp-json\/wp\/v2\/pages\/763","targetHints":{"allow":["GET"]}}],"collection":[{"href":"https:\/\/www.esformentera.com\/ca\/wp-json\/wp\/v2\/pages"}],"about":[{"href":"https:\/\/www.esformentera.com\/ca\/wp-json\/wp\/v2\/types\/page"}],"author":[{"embeddable":true,"href":"https:\/\/www.esformentera.com\/ca\/wp-json\/wp\/v2\/users\/1"}],"replies":[{"embeddable":true,"href":"https:\/\/www.esformentera.com\/ca\/wp-json\/wp\/v2\/comments?post=763"}],"version-history":[{"count":0,"href":"https:\/\/www.esformentera.com\/ca\/wp-json\/wp\/v2\/pages\/763\/revisions"}],"wp:attachment":[{"href":"https:\/\/www.esformentera.com\/ca\/wp-json\/wp\/v2\/media?parent=763"}],"curies":[{"name":"wp","href":"https:\/\/api.w.org\/{rel}","templated":true}]}}